{"id":56,"date":"2018-06-11T09:10:37","date_gmt":"2018-06-11T07:10:37","guid":{"rendered":"https:\/\/www.mamie-lise.com\/restaurant-annecy\/?page_id=56"},"modified":"2018-06-11T09:38:57","modified_gmt":"2018-06-11T07:38:57","slug":"mentions-legales","status":"publish","type":"page","link":"https:\/\/www.mamie-lise.com\/restaurant-annecy\/mentions-legales\/","title":{"rendered":"Mentions l\u00e9gales"},"content":{"rendered":"<p>Les mentions l\u00e9gales ci-dessous s&rsquo;appliquent pour le site mamie-lise.com et ses sous-domaines, d\u00e9sign\u00e9s ci-dessous par \u00ab\u00a0ce site\u00a0\u00bb.<\/p>\n<p>Le site que vous consultez actuellement est la propri\u00e9t\u00e9 de :<\/p>\n<p>Chez Mamie Lise<br \/>\nRestaurant \u00e0 Annecy.<\/p>\n<p>D\u00e9sign\u00e9s ci-dessous par \u00ab\u00a0le propri\u00e9taire\u00a0\u00bb ou \u00ab\u00a0nous\u00a0\u00bb.<\/p>\n<h3>Responsable du site<\/h3>\n<p>Florentina Musset<br \/>\nRestaurant Chez Mamie Lise<br \/>\n11 Rue Grenette<br \/>\n74000 Annecy<br \/>\nFrance<\/p>\n<p>Mail : chez@mamie-lise.com<br \/>\nTel : 04 50 45 41 18<\/p>\n<h3>H\u00e9bergement du site<\/h3>\n<p>Ce site est h\u00e9berg\u00e9 par :<\/p>\n<p>1&amp;1 Internet SARL<br \/>\n7, place de la Gare<br \/>\nBP 70109<br \/>\n57201 Sarreguemines Cedex<br \/>\nTel : 0825 080 020<\/p>\n<h3>Cr\u00e9ation \u2013 d\u00e9veloppement du site<\/h3>\n<p>Conception \u2013 r\u00e9alisation et d\u00e9veloppement : <a id=\"nom-site\" title=\"Agence web et communication \u00e0 Aime La Plagne en Savoie - Cr\u00e9alp\" href=\"http:\/\/www.crealp.fr\/\" target=\"blank\">Agence Cr\u00e9alp<\/a><\/p>\n<h3>Informatique et libert\u00e9s (CNIL)<\/h3>\n<p>Conform\u00e9ment \u00e0 la loi informatique et libert\u00e9s du 6 janvier 1978, nous vous informons que vous disposez d\u2019un droit d\u2019acc\u00e8s, de modification, de rectification et de suppression de vos donn\u00e9es.<\/p>\n<p>Les informations recueillies aupr\u00e8s des personnes par le biais du formulaire de contact ne sauraient \u00eatre divulgu\u00e9es \u00e0 des personnes autres que celles composant notre groupe. Toutefois, tel que l\u2019exige la loi informatique et libert\u00e9s nous vous informons que vos r\u00e9ponses sont facultatives et que le d\u00e9faut de r\u00e9ponse n\u2019entra\u00eenera aucune cons\u00e9quence particuli\u00e8re. N\u00e9anmoins, vos r\u00e9ponses doivent \u00eatre suffisantes pour nous permettre de traiter l\u2019information.<\/p>\n<p>Aucune donn\u00e9e du formulaire de contact n&rsquo;est stock\u00e9e sur nos serveurs, elles sont automatiquement et uniquement envoy\u00e9es par mail. Pour modifier ou supprimer ces donn\u00e9es, vous pouvez nous contacter par mail, par t\u00e9l\u00e9phone ou par courrier.<\/p>\n<h5>Cookies<\/h5>\n<p>Nous souhaitons implanter un cookie dans votre ordinateur. Un cookie ne nous permet pas de vous identifier. De mani\u00e8re g\u00e9n\u00e9rale, il enregistre des informations relatives \u00e0 la navigation de votre ordinateur sur ce site (les pages que vous avez consult\u00e9es, la date et l\u2019heure de la consultation, etc.) que nous pourrons lire lors de vos visites ult\u00e9rieures. En l\u2019esp\u00e8ce, il contient les informations que vous venez de nous fournir. Ainsi, vous n\u2019aurez pas besoin, lors de votre prochaine visite, de remplir \u00e0 nouveau le formulaire que nous vous avons propos\u00e9.<\/p>\n<p>Nous vous informons que vous pouvez vous opposer \u00e0 l\u2019enregistrement de \u00ab cookies \u00bb en configurant votre navigateur de la mani\u00e8re suivante :<\/p>\n<p>\u2013 Pour <strong>Mozilla Firefox<\/strong> :<br \/>\nCliquez sur le bouton de menu\u00a0\u00a0<img loading=\"lazy\" decoding=\"async\" class=\"alignnone size-full wp-image-61\" src=\"https:\/\/www.mamie-lise.com\/restaurant-annecy\/wp-content\/uploads\/2018\/06\/cookies-firefox-blanc.png\" alt=\"\" width=\"13\" height=\"10\" \/>\u00a0 puis cliquez sur \u00ab <strong>Options<\/strong> \u00bb<br \/>\nDans le menu lat\u00e9ral, cliquez sur \u00ab <strong>Vie priv\u00e9e<\/strong> \u00bb<br \/>\nDans la partie \u00ab <strong>Historique<\/strong> \u00bb, changez \u00ab <strong>R\u00e8gles de conservation<\/strong> \u00bb par \u00ab <strong>utiliser les param\u00e8tres personnalis\u00e9s pour l&rsquo;historique<\/strong> \u00bb<br \/>\nVous pourrez alors cocher ou d\u00e9cocher la case \u00ab <strong>Accepter les cookies<\/strong> \u00bb<\/p>\n<p>\u2013 Pour <strong>Google Chrome<\/strong> :<br \/>\nCliquez sur le bouton de menu\u00a0\u00a0<img loading=\"lazy\" decoding=\"async\" class=\"alignnone size-full wp-image-63\" src=\"https:\/\/www.mamie-lise.com\/restaurant-annecy\/wp-content\/uploads\/2018\/06\/cookies-chrome-blanc.png\" alt=\"\" width=\"2\" height=\"10\" \/>\u00a0 puis cliquez sur \u00ab <strong>Param\u00e8tres<\/strong> \u00bb<br \/>\nAu bas de la page, cliquez sur \u00ab <strong>Param\u00e8tres avanc\u00e9s<\/strong> \u00bb<br \/>\nDans la section \u00ab <strong>Confidentialit\u00e9 et s\u00e9curit\u00e9<\/strong> \u00bb cliquez sur \u00ab <strong>Param\u00e8tres du contenu<\/strong> \u00bb, puis sur \u00ab <strong>Cookies<\/strong> \u00bb<br \/>\nVous pourrez alors cocher ou d\u00e9cocher la case \u00ab <strong>Autoriser les sites \u00e0 enregistrer et \u00e0 lire les donn\u00e9es des cookies<\/strong> \u00bb<\/p>\n<p>\u2013 Pour <strong>Microsoft Edge<\/strong> :<br \/>\nCliquez sur le bouton de menu\u00a0\u00a0<img loading=\"lazy\" decoding=\"async\" class=\"alignnone size-full wp-image-64\" src=\"https:\/\/www.mamie-lise.com\/restaurant-annecy\/wp-content\/uploads\/2018\/06\/cookies-edge-blanc.png\" alt=\"\" width=\"10\" height=\"10\" \/>\u00a0 puis cliquez sur \u00ab <strong>Param\u00e8tres<\/strong> \u00bb<br \/>\nAu bas du menu, cliquez sur le bouton \u00ab <strong>Afficher les param\u00e8tres avanc\u00e9s<\/strong> \u00bb<br \/>\nAu bas du menu, rep\u00e9rez le menu d\u00e9roulant \u00ab <strong>Cookies<\/strong> \u00bb et choisissez le niveau souhait\u00e9<\/p>\n<p>\u2013 Pour <strong>Microsoft Internet Explorer<\/strong> jusqu&rsquo;\u00e0 la version <strong>9.0<\/strong> :<br \/>\nCliquez sur le menu \u00ab <strong>Outils<\/strong> \u00bb (ou\u00a0\u00a0<img loading=\"lazy\" decoding=\"async\" class=\"alignnone size-full wp-image-62\" src=\"https:\/\/www.mamie-lise.com\/restaurant-annecy\/wp-content\/uploads\/2018\/06\/cookies-ie-blanc.png\" alt=\"\" width=\"10\" height=\"10\" \/>\u00a0 pour les versions <strong>&gt; 8.0<\/strong>) puis cliquez sur \u00ab <strong>Options Internet<\/strong> \u00bb<br \/>\nDans la fen\u00eatre qui s&rsquo;ouvre, s\u00e9lectionnez l&rsquo;onglet \u00ab <strong>Confidentialit\u00e9<\/strong> \u00bb<br \/>\nS\u00e9lectionnez ensuite <strong>le niveau souhait\u00e9<\/strong> \u00e0 l\u2019aide du curseur.<\/p>\n<p>\u2013 Pour <strong>Safari<\/strong> sur <strong>Mac OS<\/strong> ou<strong> OS X<\/strong> :<br \/>\nCliquez sur le menu \u00ab <strong>Safari<\/strong> \u00bb (ou\u00a0\u00a0<img loading=\"lazy\" decoding=\"async\" class=\"alignnone size-full wp-image-62\" src=\"https:\/\/www.mamie-lise.com\/restaurant-annecy\/wp-content\/uploads\/2018\/06\/cookies-ie-blanc.png\" alt=\"\" width=\"10\" height=\"10\" \/>\u00a0 pour les versions <strong>4.0<\/strong> et<strong> inf\u00e9rieur<\/strong>) puis cliquez sur \u00ab <strong>Pr\u00e9f\u00e9rences<\/strong> \u00bb<br \/>\nDans la fen\u00eatre qui s&rsquo;ouvre, s\u00e9lectionnez l&rsquo;onglet \u00ab <strong>S\u00e9curit\u00e9<\/strong> \u00bb (ou \u00ab <strong>Confidentialit\u00e9<\/strong> \u00bb pour les versions <strong>5.1<\/strong> et<strong> sup\u00e9rieur<\/strong>)<br \/>\nChoisissez ensuite <strong>le niveau souhait\u00e9<\/strong> \u00e0 l\u2019aide des diff\u00e9rents boutons.<\/p>\n<p>\u2013 Pour <strong>Safari<\/strong> sur <strong>Windows<\/strong> :<br \/>\nCliquez sur le menu \u00ab <strong>\u00c9dition<\/strong> \u00bb (ou\u00a0\u00a0<img loading=\"lazy\" decoding=\"async\" class=\"alignnone size-full wp-image-62\" src=\"https:\/\/www.mamie-lise.com\/restaurant-annecy\/wp-content\/uploads\/2018\/06\/cookies-ie-blanc.png\" alt=\"\" width=\"10\" height=\"10\" \/>\u00a0 pour les versions <strong>4.0<\/strong> et<strong> inf\u00e9rieur<\/strong>) puis cliquez sur \u00ab <strong>Pr\u00e9f\u00e9rences<\/strong> \u00bb<br \/>\nDans la fen\u00eatre qui s&rsquo;ouvre, s\u00e9lectionnez l&rsquo;onglet \u00ab <strong>S\u00e9curit\u00e9<\/strong> \u00bb (ou \u00ab <strong>Confidentialit\u00e9<\/strong> \u00bb pour les versions <strong>5.1<\/strong> et<strong> sup\u00e9rieur<\/strong>)<br \/>\nChoisissez ensuite <strong>le niveau souhait\u00e9<\/strong> \u00e0 l\u2019aide des diff\u00e9rents boutons.<\/p>\n<p>\u2013 Pour <strong>Op\u00e9ra 22<\/strong> et <strong>sup\u00e9rieur<\/strong> :<br \/>\nCliquez sur le menu principal en haut \u00e0 gauche et aller sur \u00ab <strong>R\u00e9glages<\/strong> \u00bb puis \u00ab <strong>Pr\u00e9f\u00e9rences<\/strong> \u00bb<br \/>\nDans la fen\u00eatre qui s&rsquo;ouvre, s\u00e9lectionnez l&rsquo;onglet \u00ab <strong>Avanc\u00e9<\/strong> \u00bb<br \/>\nDans le menu lat\u00e9ral, cliquez sur \u00ab <strong>Cookies<\/strong> \u00bb<br \/>\nChoisissez ensuite <strong>le niveau souhait\u00e9<\/strong> \u00e0 l\u2019aide des diff\u00e9rents boutons.<\/p>\n<h3>Droits d&rsquo;auteur<\/h3>\n<p>L\u2019ensemble de ce site rel\u00e8ve de la l\u00e9gislation fran\u00e7aise et internationale sur le droit d\u2019auteur et la propri\u00e9t\u00e9 intellectuelle. Toute repr\u00e9sentation, reproduction, modification, utilisation commerciale, ainsi que tout transfert vers un autre site sont interdits, sauf autorisation \u00e0 demander par courrier \u00e0 l\u2019adresse indiqu\u00e9e plus haut. Seule une utilisation \u00e0 des fins strictement personnelle est autoris\u00e9e<\/p>\n<h3>Cr\u00e9dits photos, vid\u00e9os et ic\u00f4nes<\/h3>\n<p>Photos &#8211; 123RF<\/p>\n<h3>Contact<\/h3>\n<p>Pour nous contacter, vous pouvez le faire via <a title=\"Nous Contacter\" href=\"https:\/\/www.mamie-lise.com\/restaurant-annecy\/contact\/\">le formulaire de contact<\/a>.<\/p>\n<h3>R\u00e8glement et Conditions d\u2019utilisation<\/h3>\n<p>L\u2019utilisation de ce site internet est r\u00e9gie par les mentions l\u00e9gales, dont les conditions g\u00e9n\u00e9rales. L\u2019utilisateur d\u00e9clare avoir pris connaissance et avoir accept\u00e9 express\u00e9ment et de mani\u00e8re inconditionnelle les mentions l\u00e9gales en vigueur au jour de l\u2019acc\u00e8s \u00e0 ce site.<\/p>\n<p>L\u2019utilisateur s\u2019interdit dans le cadre de l\u2019utilisation de ce site de se livrer \u00e0 des actes, de quelque nature que ce soit, qui seraient contraires \u00e0 la loi fran\u00e7aise ou qui porteraient atteinte \u00e0 l\u2019ordre public ou aux droits d\u2019un tiers. Tout litige sera de la comp\u00e9tence exclusive des tribunaux fran\u00e7ais et notamment trait\u00e9s dans les tribunaux les plus proches, en distance kilom\u00e9trique \u00e0 parcourir en automobile.<\/p>\n<p>Contrefa\u00e7on<\/p>\n<p>Toute reproduction, utilisation ou repr\u00e9sentation de ce site, en tout ou partie, \u00e0 d\u2019autres fins sur un quelconque support est interdite. Le non-respect de cette interdiction constitue une contrefa\u00e7on pouvant engager la responsabilit\u00e9 civile et p\u00e9nale du contrefacteur. Les dessins, mod\u00e8les, maquettes ou autre contenu, sont la propri\u00e9t\u00e9 du propri\u00e9taire.<\/p>\n<h3>Responsabilit\u00e9<\/h3>\n<p>Le propri\u00e9taire assure seul la responsabilit\u00e9 des informations et des prestations fournies.<br \/>\nLes prix indiqu\u00e9s sont donn\u00e9s \u00e0 titre indicatif.<\/p>\n<p>Cependant, le propri\u00e9taire s&rsquo;efforce d&rsquo;assurer au mieux de ses possibilit\u00e9s, l&rsquo;exactitude et la mise \u00e0 jour des informations diffus\u00e9es sur ce site, dont elle se r\u00e9serve le droit de corriger, \u00e0 tout moment et sans pr\u00e9avis, le contenu.<br \/>\nAussi, il avertit le visiteur qu&rsquo;il lui appartient de v\u00e9rifier l&rsquo;information par d&rsquo;autres moyens, y compris en contactant la soci\u00e9t\u00e9.<br \/>\nEn cons\u00e9quence, le propri\u00e9taire d\u00e9cline toute responsabilit\u00e9 : pour toute impr\u00e9cision, inexactitude ou omission portant sur des informations disponibles sur le site ; pour tous dommages r\u00e9sultant d&rsquo;une intrusion frauduleuse d&rsquo;un tiers ayant entra\u00een\u00e9 une modification des informations mises \u00e0 la disposition sur le site ; et plus g\u00e9n\u00e9ralement pour tous dommages, directs ou indirects, qu&rsquo;elles qu&rsquo;en soient les causes, origines, nature ou cons\u00e9quences, provoqu\u00e9s \u00e0 raison de l&rsquo;acc\u00e8s de quiconque au site ou de l&rsquo;impossibilit\u00e9 d&rsquo;y acc\u00e9der, de m\u00eame que l&rsquo;utilisation du site et\/ou du cr\u00e9dit accord\u00e9 \u00e0 une quelconque information provenant directement ou indirectement de ce dernier.<br \/>\nPar ailleurs, sauf mention contraire, les droits de propri\u00e9t\u00e9 intellectuelle sur les documents contenus dans le site et chacun des \u00e9l\u00e9ments cr\u00e9\u00e9s pour ce site sont la propri\u00e9t\u00e9 exclusive du propri\u00e9taire ou de ses fournisseurs, ceux-ci ne conc\u00e9dant aucune licence, ni aucun droit que celui de consulter le site.<br \/>\nLa reproduction de tous documents publi\u00e9s sur le site est seulement autoris\u00e9e \u00e0 des fins exclusives d&rsquo;informations pour un usage personnel et priv\u00e9, toute reproduction et toute utilisation de copies r\u00e9alis\u00e9es \u00e0 d&rsquo;autres fins \u00e9tant express\u00e9ment interdite.<br \/>\nToutes les marques cit\u00e9es dans ce site appartiennent \u00e0 leurs compagnies respectives.<br \/>\nTous les produits, logos, et images cit\u00e9s dans les pages de ce site sont la propri\u00e9t\u00e9 de leur marque respective.<\/p>\n","protected":false},"excerpt":{"rendered":"<p>Les mentions l\u00e9gales ci-dessous s&rsquo;appliquent pour le site mamie-lise.com et ses sous-domaines, d\u00e9sign\u00e9s ci-dessous par \u00ab\u00a0ce site\u00a0\u00bb. Le site que vous consultez actuellement est la propri\u00e9t\u00e9 de : Chez Mamie Lise Restaurant \u00e0 Annecy. D\u00e9sign\u00e9s ci-dessous par \u00ab\u00a0le propri\u00e9taire\u00a0\u00bb ou \u00ab\u00a0nous\u00a0\u00bb. Responsable du site Florentina Musset Restaurant Chez Mamie Lise 11 Rue Grenette 74000 Annecy &hellip; <\/p>\n<p class=\"link-more\"><a href=\"https:\/\/www.mamie-lise.com\/restaurant-annecy\/mentions-legales\/\" class=\"more-link\">Continuer la lecture<span class=\"screen-reader-text\"> de &laquo;&nbsp;Mentions l\u00e9gales&nbsp;&raquo;<\/span><\/a><\/p>\n","protected":false},"author":1,"featured_media":0,"parent":0,"menu_order":100,"comment_status":"closed","ping_status":"closed","template":"","meta":{"_acf_changed":false,"footnotes":"","_links_to":"","_links_to_target":""},"class_list":["post-56","page","type-page","status-publish","hentry"],"acf":[],"_links":{"self":[{"href":"https:\/\/www.mamie-lise.com\/restaurant-annecy\/wp-json\/wp\/v2\/pages\/56","targetHints":{"allow":["GET"]}}],"collection":[{"href":"https:\/\/www.mamie-lise.com\/restaurant-annecy\/wp-json\/wp\/v2\/pages"}],"about":[{"href":"https:\/\/www.mamie-lise.com\/restaurant-annecy\/wp-json\/wp\/v2\/types\/page"}],"author":[{"embeddable":true,"href":"https:\/\/www.mamie-lise.com\/restaurant-annecy\/wp-json\/wp\/v2\/users\/1"}],"replies":[{"embeddable":true,"href":"https:\/\/www.mamie-lise.com\/restaurant-annecy\/wp-json\/wp\/v2\/comments?post=56"}],"version-history":[{"count":5,"href":"https:\/\/www.mamie-lise.com\/restaurant-annecy\/wp-json\/wp\/v2\/pages\/56\/revisions"}],"predecessor-version":[{"id":65,"href":"https:\/\/www.mamie-lise.com\/restaurant-annecy\/wp-json\/wp\/v2\/pages\/56\/revisions\/65"}],"wp:attachment":[{"href":"https:\/\/www.mamie-lise.com\/restaurant-annecy\/wp-json\/wp\/v2\/media?parent=56"}],"curies":[{"name":"wp","href":"https:\/\/api.w.org\/{rel}","templated":true}]}}